{"id":2692,"date":"2020-11-03T12:31:29","date_gmt":"2020-11-03T12:31:29","guid":{"rendered":"https:\/\/ttr.works\/?page_id=2692"},"modified":"2021-12-21T16:27:18","modified_gmt":"2021-12-21T16:27:18","slug":"resina","status":"publish","type":"page","link":"https:\/\/ttr.works\/pt-br\/ribbons-de-transferencia-termica\/resina\/","title":{"rendered":"Resina"},"content":{"rendered":"\n<h2 class=\"wp-block-heading\"><strong>Ribbons de transfer\u00eancia t\u00e9rmica R4U de resina<\/strong><\/h2>\n\n\n\n<p>Os ribbons de resina s\u00e3o necess\u00e1rios em aplica\u00e7\u00f5es que precisam de excelente resist\u00eancia mec\u00e2nica e a solventes. Eles s\u00e3o adequados para impress\u00e3o na maioria dos materiais sint\u00e9ticos como PVC, PET, PP e diversos pap\u00e9is revestidos brilhantes e foscos. Como ela derrete em uma temperatura muito maior, a tinta dissolve no material no qual ela \u00e9 impressa, criando imagens extremamente duradouras.<\/p>\n\n\n\n<a href=\"\/pt-br?page_id=2582\" class=\"link-btn\">Solicite sua caixa de amostra gr\u00e1tis <i class=\"fal fa-chevron-right\"><\/i><\/a><a href=\"https:\/\/ttr.works\/wp-content\/uploads\/stock-list.pdf\" target=\"_blank\" class=\"link-btn second\" rel=\"noopener\">Baixar lista de estoque <i class=\"fal fa-chevron-right\"><\/i><\/a>\n\n\n\n<h3 class=\"wp-block-heading\">Produtos<\/h3>\n\n\n\n<p>Consulte as categorias de ribbon por impressora de cabe\u00e7ote flat ou near-edge. Fa\u00e7a sua sele\u00e7\u00e3o aqui.<\/p>\n","protected":false},"excerpt":{"rendered":"<p>Ribbons de transfer\u00eancia t\u00e9rmica R4U de resina Os ribbons de resina s\u00e3o necess\u00e1rios em aplica\u00e7\u00f5es que precisam de excelente resist\u00eancia mec\u00e2nica e a solventes. Eles s\u00e3o adequados para impress\u00e3o na maioria dos materiais sint\u00e9ticos como PVC, PET, PP e diversos pap\u00e9is revestidos brilhantes e foscos. Como ela derrete em uma temperatura muito maior, a tinta [&hellip;]<\/p>\n","protected":false},"author":1,"featured_media":0,"parent":2682,"menu_order":0,"comment_status":"closed","ping_status":"closed","template":"template-4u.php","meta":{"_acf_changed":false,"content-type":"","footnotes":""},"categories":[],"tags":[266],"class_list":["post-2692","page","type-page","status-publish","hentry","tag-product-pt-br"],"acf":[],"yoast_head":"<!-- This site is optimized with the Yoast SEO plugin v25.9 - https:\/\/yoast.com\/wordpress\/plugins\/seo\/ -->\n<title>Resina - TTR Euroworks<\/title>\n<meta name=\"description\" content=\"Ribbons de resina \u2713 Para materiais sint\u00e9ticos como PVC, PET, PP e diversos pap\u00e9is \u2713 Imagens extremamente dur\u00e1veis e duradouras\" \/>\n<meta name=\"robots\" content=\"index, follow, max-snippet:-1, max-image-preview:large, max-video-preview:-1\" \/>\n<link rel=\"canonical\" href=\"https:\/\/ttr.works\/pt-br\/ribbons-de-transferencia-termica\/resina\/\" \/>\n<meta property=\"og:locale\" content=\"pt_BR\" \/>\n<meta property=\"og:type\" content=\"article\" \/>\n<meta property=\"og:title\" content=\"Resina - TTR Euroworks\" \/>\n<meta property=\"og:description\" content=\"Ribbons de resina \u2713 Para materiais sint\u00e9ticos como PVC, PET, PP e diversos pap\u00e9is \u2713 Imagens extremamente dur\u00e1veis e duradouras\" \/>\n<meta property=\"og:url\" content=\"https:\/\/ttr.works\/pt-br\/ribbons-de-transferencia-termica\/resina\/\" \/>\n<meta property=\"og:site_name\" content=\"TTR Euroworks\" \/>\n<meta property=\"article:modified_time\" content=\"2021-12-21T16:27:18+00:00\" \/>\n<meta name=\"twitter:card\" content=\"summary_large_image\" \/>\n<meta name=\"twitter:label1\" content=\"Est. tempo de leitura\" \/>\n\t<meta name=\"twitter:data1\" content=\"1 minuto\" \/>\n<script type=\"application\/ld+json\" class=\"yoast-schema-graph\">{\"@context\":\"https:\/\/schema.org\",\"@graph\":[{\"@type\":\"WebPage\",\"@id\":\"https:\/\/ttr.works\/pt-br\/ribbons-de-transferencia-termica\/resina\/\",\"url\":\"https:\/\/ttr.works\/pt-br\/ribbons-de-transferencia-termica\/resina\/\",\"name\":\"Resina - TTR Euroworks\",\"isPartOf\":{\"@id\":\"https:\/\/ttr.works\/pt-br\/#website\"},\"datePublished\":\"2020-11-03T12:31:29+00:00\",\"dateModified\":\"2021-12-21T16:27:18+00:00\",\"description\":\"Ribbons de resina \u2713 Para materiais sint\u00e9ticos como PVC, PET, PP e diversos pap\u00e9is \u2713 Imagens extremamente dur\u00e1veis e duradouras\",\"breadcrumb\":{\"@id\":\"https:\/\/ttr.works\/pt-br\/ribbons-de-transferencia-termica\/resina\/#breadcrumb\"},\"inLanguage\":\"pt-BR\",\"potentialAction\":[{\"@type\":\"ReadAction\",\"target\":[\"https:\/\/ttr.works\/pt-br\/ribbons-de-transferencia-termica\/resina\/\"]}]},{\"@type\":\"BreadcrumbList\",\"@id\":\"https:\/\/ttr.works\/pt-br\/ribbons-de-transferencia-termica\/resina\/#breadcrumb\",\"itemListElement\":[{\"@type\":\"ListItem\",\"position\":1,\"name\":\"Home\",\"item\":\"https:\/\/ttr.works\/pt-br\/inicio\/\"},{\"@type\":\"ListItem\",\"position\":2,\"name\":\"Parceria com a TTR Euroworks\",\"item\":\"https:\/\/ttr.works\/pt-br\/ribbons-de-transferencia-termica\/\"},{\"@type\":\"ListItem\",\"position\":3,\"name\":\"Resina\"}]},{\"@type\":\"WebSite\",\"@id\":\"https:\/\/ttr.works\/pt-br\/#website\",\"url\":\"https:\/\/ttr.works\/pt-br\/\",\"name\":\"TTR Euroworks\",\"description\":\"Your ttr partner\",\"potentialAction\":[{\"@type\":\"SearchAction\",\"target\":{\"@type\":\"EntryPoint\",\"urlTemplate\":\"https:\/\/ttr.works\/pt-br\/?s={search_term_string}\"},\"query-input\":{\"@type\":\"PropertyValueSpecification\",\"valueRequired\":true,\"valueName\":\"search_term_string\"}}],\"inLanguage\":\"pt-BR\"}]}<\/script>\n<!-- \/ Yoast SEO plugin. -->","yoast_head_json":{"title":"Resina - TTR Euroworks","description":"Ribbons de resina \u2713 Para materiais sint\u00e9ticos como PVC, PET, PP e diversos pap\u00e9is \u2713 Imagens extremamente dur\u00e1veis e duradouras","robots":{"index":"index","follow":"follow","max-snippet":"max-snippet:-1","max-image-preview":"max-image-preview:large","max-video-preview":"max-video-preview:-1"},"canonical":"https:\/\/ttr.works\/pt-br\/ribbons-de-transferencia-termica\/resina\/","og_locale":"pt_BR","og_type":"article","og_title":"Resina - TTR Euroworks","og_description":"Ribbons de resina \u2713 Para materiais sint\u00e9ticos como PVC, PET, PP e diversos pap\u00e9is \u2713 Imagens extremamente dur\u00e1veis e duradouras","og_url":"https:\/\/ttr.works\/pt-br\/ribbons-de-transferencia-termica\/resina\/","og_site_name":"TTR Euroworks","article_modified_time":"2021-12-21T16:27:18+00:00","twitter_card":"summary_large_image","twitter_misc":{"Est. tempo de leitura":"1 minuto"},"schema":{"@context":"https:\/\/schema.org","@graph":[{"@type":"WebPage","@id":"https:\/\/ttr.works\/pt-br\/ribbons-de-transferencia-termica\/resina\/","url":"https:\/\/ttr.works\/pt-br\/ribbons-de-transferencia-termica\/resina\/","name":"Resina - TTR Euroworks","isPartOf":{"@id":"https:\/\/ttr.works\/pt-br\/#website"},"datePublished":"2020-11-03T12:31:29+00:00","dateModified":"2021-12-21T16:27:18+00:00","description":"Ribbons de resina \u2713 Para materiais sint\u00e9ticos como PVC, PET, PP e diversos pap\u00e9is \u2713 Imagens extremamente dur\u00e1veis e duradouras","breadcrumb":{"@id":"https:\/\/ttr.works\/pt-br\/ribbons-de-transferencia-termica\/resina\/#breadcrumb"},"inLanguage":"pt-BR","potentialAction":[{"@type":"ReadAction","target":["https:\/\/ttr.works\/pt-br\/ribbons-de-transferencia-termica\/resina\/"]}]},{"@type":"BreadcrumbList","@id":"https:\/\/ttr.works\/pt-br\/ribbons-de-transferencia-termica\/resina\/#breadcrumb","itemListElement":[{"@type":"ListItem","position":1,"name":"Home","item":"https:\/\/ttr.works\/pt-br\/inicio\/"},{"@type":"ListItem","position":2,"name":"Parceria com a TTR Euroworks","item":"https:\/\/ttr.works\/pt-br\/ribbons-de-transferencia-termica\/"},{"@type":"ListItem","position":3,"name":"Resina"}]},{"@type":"WebSite","@id":"https:\/\/ttr.works\/pt-br\/#website","url":"https:\/\/ttr.works\/pt-br\/","name":"TTR Euroworks","description":"Your ttr partner","potentialAction":[{"@type":"SearchAction","target":{"@type":"EntryPoint","urlTemplate":"https:\/\/ttr.works\/pt-br\/?s={search_term_string}"},"query-input":{"@type":"PropertyValueSpecification","valueRequired":true,"valueName":"search_term_string"}}],"inLanguage":"pt-BR"}]}},"_links":{"self":[{"href":"https:\/\/ttr.works\/pt-br\/wp-json\/wp\/v2\/pages\/2692","targetHints":{"allow":["GET"]}}],"collection":[{"href":"https:\/\/ttr.works\/pt-br\/wp-json\/wp\/v2\/pages"}],"about":[{"href":"https:\/\/ttr.works\/pt-br\/wp-json\/wp\/v2\/types\/page"}],"author":[{"embeddable":true,"href":"https:\/\/ttr.works\/pt-br\/wp-json\/wp\/v2\/users\/1"}],"replies":[{"embeddable":true,"href":"https:\/\/ttr.works\/pt-br\/wp-json\/wp\/v2\/comments?post=2692"}],"version-history":[{"count":1,"href":"https:\/\/ttr.works\/pt-br\/wp-json\/wp\/v2\/pages\/2692\/revisions"}],"predecessor-version":[{"id":7251,"href":"https:\/\/ttr.works\/pt-br\/wp-json\/wp\/v2\/pages\/2692\/revisions\/7251"}],"up":[{"embeddable":true,"href":"https:\/\/ttr.works\/pt-br\/wp-json\/wp\/v2\/pages\/2682"}],"wp:attachment":[{"href":"https:\/\/ttr.works\/pt-br\/wp-json\/wp\/v2\/media?parent=2692"}],"wp:term":[{"taxonomy":"category","embeddable":true,"href":"https:\/\/ttr.works\/pt-br\/wp-json\/wp\/v2\/categories?post=2692"},{"taxonomy":"post_tag","embeddable":true,"href":"https:\/\/ttr.works\/pt-br\/wp-json\/wp\/v2\/tags?post=2692"}],"curies":[{"name":"wp","href":"https:\/\/api.w.org\/{rel}","templated":true}]}}