{"id":2735,"date":"2020-11-03T12:45:00","date_gmt":"2020-11-03T12:45:00","guid":{"rendered":"https:\/\/ttr.works\/?page_id=2735"},"modified":"2023-12-01T11:53:35","modified_gmt":"2023-12-01T11:53:35","slug":"cera","status":"publish","type":"page","link":"https:\/\/ttr.works\/pt-br\/ribbons-de-transferencia-termica\/cera\/","title":{"rendered":"Cera"},"content":{"rendered":"\n<h2 class=\"wp-block-heading\">Ribbons W4U para impress\u00e3o t\u00e9rmica econ\u00f4mica<\/h2>\n\n\n\n<p>Os ribbons de transfer\u00eancia t\u00e9rmica W4U de Cera fornecem impress\u00e3o de \u00f3tima qualidade e desempenho para marca\u00e7\u00f5es de uso geral. S\u00e3o a escolha certa para aplica\u00e7\u00f5es em etiquetas de loja, envio e armaz\u00e9ns. Ribbons de cera preta permitem a impress\u00e3o econ\u00f4mica em etiquetas de papel fosco e n\u00e3o revestido.<\/p>\n\n\n\n<a href=\"\/pt-br?page_id=2582\" class=\"link-btn\">Solicite sua caixa de amostra gr\u00e1tis <i class=\"fal fa-chevron-right\"><\/i><\/a><a href=https:\/\/ttr.works\/wp-content\/uploads\/Standard-4U-ribbons_lijst-website.pdf\" target=\"_blank\" class=\"link-btn second\" rel=\"noopener\">Baixar lista de estoque <i class=\"fal fa-chevron-right\"><\/i><\/a>\n\n\n\n<h3 class=\"wp-block-heading\">Produtos<\/h3>\n","protected":false},"excerpt":{"rendered":"<p>Ribbons W4U para impress\u00e3o t\u00e9rmica econ\u00f4mica Os ribbons de transfer\u00eancia t\u00e9rmica W4U de Cera fornecem impress\u00e3o de \u00f3tima qualidade e desempenho para marca\u00e7\u00f5es de uso geral. S\u00e3o a escolha certa para aplica\u00e7\u00f5es em etiquetas de loja, envio e armaz\u00e9ns. Ribbons de cera preta permitem a impress\u00e3o econ\u00f4mica em etiquetas de papel fosco e n\u00e3o revestido. [&hellip;]<\/p>\n","protected":false},"author":1,"featured_media":0,"parent":2682,"menu_order":0,"comment_status":"closed","ping_status":"closed","template":"template-4u.php","meta":{"_acf_changed":false,"content-type":"","footnotes":""},"categories":[],"tags":[],"class_list":["post-2735","page","type-page","status-publish","hentry"],"acf":[],"_links":{"self":[{"href":"https:\/\/ttr.works\/pt-br\/wp-json\/wp\/v2\/pages\/2735","targetHints":{"allow":["GET"]}}],"collection":[{"href":"https:\/\/ttr.works\/pt-br\/wp-json\/wp\/v2\/pages"}],"about":[{"href":"https:\/\/ttr.works\/pt-br\/wp-json\/wp\/v2\/types\/page"}],"author":[{"embeddable":true,"href":"https:\/\/ttr.works\/pt-br\/wp-json\/wp\/v2\/users\/1"}],"replies":[{"embeddable":true,"href":"https:\/\/ttr.works\/pt-br\/wp-json\/wp\/v2\/comments?post=2735"}],"version-history":[{"count":3,"href":"https:\/\/ttr.works\/pt-br\/wp-json\/wp\/v2\/pages\/2735\/revisions"}],"predecessor-version":[{"id":20050,"href":"https:\/\/ttr.works\/pt-br\/wp-json\/wp\/v2\/pages\/2735\/revisions\/20050"}],"up":[{"embeddable":true,"href":"https:\/\/ttr.works\/pt-br\/wp-json\/wp\/v2\/pages\/2682"}],"wp:attachment":[{"href":"https:\/\/ttr.works\/pt-br\/wp-json\/wp\/v2\/media?parent=2735"}],"wp:term":[{"taxonomy":"category","embeddable":true,"href":"https:\/\/ttr.works\/pt-br\/wp-json\/wp\/v2\/categories?post=2735"},{"taxonomy":"post_tag","embeddable":true,"href":"https:\/\/ttr.works\/pt-br\/wp-json\/wp\/v2\/tags?post=2735"}],"curies":[{"name":"wp","href":"https:\/\/api.w.org\/{rel}","templated":true}]}}