{"id":2751,"date":"2020-11-03T12:56:15","date_gmt":"2020-11-03T12:56:15","guid":{"rendered":"https:\/\/ttr.works\/?page_id=2751"},"modified":"2024-01-04T10:40:30","modified_gmt":"2024-01-04T10:40:30","slug":"cera-resina","status":"publish","type":"page","link":"https:\/\/ttr.works\/pt-br\/ribbons-de-transferencia-termica\/cera-resina\/","title":{"rendered":"Cera-resina"},"content":{"rendered":"\n<h2 class=\"wp-block-heading\">Ribbons WR4U produzem impress\u00f5es de alta qualidade em praticamente todas as aplica\u00e7\u00f5es<\/h2>\n\n\n\n<p>Ribbons de transfer\u00eancia t\u00e9rmica WR4U de cera-resina produzem impress\u00f5es dur\u00e1veis que podem durar por anos, suportando as condi\u00e7\u00f5es mais adversas. Eles tamb\u00e9m s\u00e3o \u00f3timos para processos de impress\u00e3o de grande volume em altas velocidades. Eles possuem um bom desempenho em substratos como papel, pl\u00e1sticos e folhas de embalagem flex\u00edveis.<\/p>\n\n\n\n<p>Consulte as categorias de ribbon por impressora de cabe\u00e7ote flat ou near-edge fazendo sua sele\u00e7\u00e3o aqui.<\/p>\n\n\n\n<a href=\"\/pt-br?page_id=2582\" class=\"link-btn\">Solicite sua caixa de amostra gr\u00e1tis <i class=\"fal fa-chevron-right\"><\/i><\/a><a href=\"https:\/\/ttr.works\/wp-content\/uploads\/stock-list.pdf\" target=\"_blank\" class=\"link-btn second\" rel=\"noopener\">Baixar lista de estoque <i class=\"fal fa-chevron-right\"><\/i><\/a>\n\n\n\n<h3 class=\"wp-block-heading\">Produtos<\/h3>\n","protected":false},"excerpt":{"rendered":"<p>Ribbons WR4U produzem impress\u00f5es de alta qualidade em praticamente todas as aplica\u00e7\u00f5es Ribbons de transfer\u00eancia t\u00e9rmica WR4U de cera-resina produzem impress\u00f5es dur\u00e1veis que podem durar por anos, suportando as condi\u00e7\u00f5es mais adversas. Eles tamb\u00e9m s\u00e3o \u00f3timos para processos de impress\u00e3o de grande volume em altas velocidades. Eles possuem um bom desempenho em substratos como papel, [&hellip;]<\/p>\n","protected":false},"author":1,"featured_media":0,"parent":2682,"menu_order":0,"comment_status":"closed","ping_status":"closed","template":"template-4u.php","meta":{"_acf_changed":false,"content-type":"","footnotes":""},"categories":[],"tags":[266],"class_list":["post-2751","page","type-page","status-publish","hentry","tag-product-pt-br"],"acf":[],"yoast_head":"<!-- This site is optimized with the Yoast SEO plugin v25.9 - https:\/\/yoast.com\/wordpress\/plugins\/seo\/ -->\n<title>Cera-resina - TTR Euroworks<\/title>\n<meta name=\"description\" content=\"Impress\u00f5es dur\u00e1veis \u2713 Processos de alto volume em alta velocidade \u2713 Excelente para pap\u00e9is, pl\u00e1sticos e folhas de embalagens flex\u00edveis\" \/>\n<meta name=\"robots\" content=\"index, follow, max-snippet:-1, max-image-preview:large, max-video-preview:-1\" \/>\n<link rel=\"canonical\" href=\"https:\/\/ttr.works\/pt-br\/ribbons-de-transferencia-termica\/cera-resina\/\" \/>\n<meta property=\"og:locale\" content=\"pt_BR\" \/>\n<meta property=\"og:type\" content=\"article\" \/>\n<meta property=\"og:title\" content=\"Cera-resina - TTR Euroworks\" \/>\n<meta property=\"og:description\" content=\"Impress\u00f5es dur\u00e1veis \u2713 Processos de alto volume em alta velocidade \u2713 Excelente para pap\u00e9is, pl\u00e1sticos e folhas de embalagens flex\u00edveis\" \/>\n<meta property=\"og:url\" content=\"https:\/\/ttr.works\/pt-br\/ribbons-de-transferencia-termica\/cera-resina\/\" \/>\n<meta property=\"og:site_name\" content=\"TTR Euroworks\" \/>\n<meta property=\"article:modified_time\" content=\"2024-01-04T10:40:30+00:00\" \/>\n<meta name=\"twitter:card\" content=\"summary_large_image\" \/>\n<meta name=\"twitter:label1\" content=\"Est. tempo de leitura\" \/>\n\t<meta name=\"twitter:data1\" content=\"1 minuto\" \/>\n<script type=\"application\/ld+json\" class=\"yoast-schema-graph\">{\"@context\":\"https:\/\/schema.org\",\"@graph\":[{\"@type\":\"WebPage\",\"@id\":\"https:\/\/ttr.works\/pt-br\/ribbons-de-transferencia-termica\/cera-resina\/\",\"url\":\"https:\/\/ttr.works\/pt-br\/ribbons-de-transferencia-termica\/cera-resina\/\",\"name\":\"Cera-resina - TTR Euroworks\",\"isPartOf\":{\"@id\":\"https:\/\/ttr.works\/pt-br\/#website\"},\"datePublished\":\"2020-11-03T12:56:15+00:00\",\"dateModified\":\"2024-01-04T10:40:30+00:00\",\"description\":\"Impress\u00f5es dur\u00e1veis \u2713 Processos de alto volume em alta velocidade \u2713 Excelente para pap\u00e9is, pl\u00e1sticos e folhas de embalagens flex\u00edveis\",\"breadcrumb\":{\"@id\":\"https:\/\/ttr.works\/pt-br\/ribbons-de-transferencia-termica\/cera-resina\/#breadcrumb\"},\"inLanguage\":\"pt-BR\",\"potentialAction\":[{\"@type\":\"ReadAction\",\"target\":[\"https:\/\/ttr.works\/pt-br\/ribbons-de-transferencia-termica\/cera-resina\/\"]}]},{\"@type\":\"BreadcrumbList\",\"@id\":\"https:\/\/ttr.works\/pt-br\/ribbons-de-transferencia-termica\/cera-resina\/#breadcrumb\",\"itemListElement\":[{\"@type\":\"ListItem\",\"position\":1,\"name\":\"Home\",\"item\":\"https:\/\/ttr.works\/pt-br\/inicio\/\"},{\"@type\":\"ListItem\",\"position\":2,\"name\":\"Parceria com a TTR Euroworks\",\"item\":\"https:\/\/ttr.works\/pt-br\/ribbons-de-transferencia-termica\/\"},{\"@type\":\"ListItem\",\"position\":3,\"name\":\"Cera-resina\"}]},{\"@type\":\"WebSite\",\"@id\":\"https:\/\/ttr.works\/pt-br\/#website\",\"url\":\"https:\/\/ttr.works\/pt-br\/\",\"name\":\"TTR Euroworks\",\"description\":\"Your ttr partner\",\"potentialAction\":[{\"@type\":\"SearchAction\",\"target\":{\"@type\":\"EntryPoint\",\"urlTemplate\":\"https:\/\/ttr.works\/pt-br\/?s={search_term_string}\"},\"query-input\":{\"@type\":\"PropertyValueSpecification\",\"valueRequired\":true,\"valueName\":\"search_term_string\"}}],\"inLanguage\":\"pt-BR\"}]}<\/script>\n<!-- \/ Yoast SEO plugin. -->","yoast_head_json":{"title":"Cera-resina - TTR Euroworks","description":"Impress\u00f5es dur\u00e1veis \u2713 Processos de alto volume em alta velocidade \u2713 Excelente para pap\u00e9is, pl\u00e1sticos e folhas de embalagens flex\u00edveis","robots":{"index":"index","follow":"follow","max-snippet":"max-snippet:-1","max-image-preview":"max-image-preview:large","max-video-preview":"max-video-preview:-1"},"canonical":"https:\/\/ttr.works\/pt-br\/ribbons-de-transferencia-termica\/cera-resina\/","og_locale":"pt_BR","og_type":"article","og_title":"Cera-resina - TTR Euroworks","og_description":"Impress\u00f5es dur\u00e1veis \u2713 Processos de alto volume em alta velocidade \u2713 Excelente para pap\u00e9is, pl\u00e1sticos e folhas de embalagens flex\u00edveis","og_url":"https:\/\/ttr.works\/pt-br\/ribbons-de-transferencia-termica\/cera-resina\/","og_site_name":"TTR Euroworks","article_modified_time":"2024-01-04T10:40:30+00:00","twitter_card":"summary_large_image","twitter_misc":{"Est. tempo de leitura":"1 minuto"},"schema":{"@context":"https:\/\/schema.org","@graph":[{"@type":"WebPage","@id":"https:\/\/ttr.works\/pt-br\/ribbons-de-transferencia-termica\/cera-resina\/","url":"https:\/\/ttr.works\/pt-br\/ribbons-de-transferencia-termica\/cera-resina\/","name":"Cera-resina - TTR Euroworks","isPartOf":{"@id":"https:\/\/ttr.works\/pt-br\/#website"},"datePublished":"2020-11-03T12:56:15+00:00","dateModified":"2024-01-04T10:40:30+00:00","description":"Impress\u00f5es dur\u00e1veis \u2713 Processos de alto volume em alta velocidade \u2713 Excelente para pap\u00e9is, pl\u00e1sticos e folhas de embalagens flex\u00edveis","breadcrumb":{"@id":"https:\/\/ttr.works\/pt-br\/ribbons-de-transferencia-termica\/cera-resina\/#breadcrumb"},"inLanguage":"pt-BR","potentialAction":[{"@type":"ReadAction","target":["https:\/\/ttr.works\/pt-br\/ribbons-de-transferencia-termica\/cera-resina\/"]}]},{"@type":"BreadcrumbList","@id":"https:\/\/ttr.works\/pt-br\/ribbons-de-transferencia-termica\/cera-resina\/#breadcrumb","itemListElement":[{"@type":"ListItem","position":1,"name":"Home","item":"https:\/\/ttr.works\/pt-br\/inicio\/"},{"@type":"ListItem","position":2,"name":"Parceria com a TTR Euroworks","item":"https:\/\/ttr.works\/pt-br\/ribbons-de-transferencia-termica\/"},{"@type":"ListItem","position":3,"name":"Cera-resina"}]},{"@type":"WebSite","@id":"https:\/\/ttr.works\/pt-br\/#website","url":"https:\/\/ttr.works\/pt-br\/","name":"TTR Euroworks","description":"Your ttr partner","potentialAction":[{"@type":"SearchAction","target":{"@type":"EntryPoint","urlTemplate":"https:\/\/ttr.works\/pt-br\/?s={search_term_string}"},"query-input":{"@type":"PropertyValueSpecification","valueRequired":true,"valueName":"search_term_string"}}],"inLanguage":"pt-BR"}]}},"_links":{"self":[{"href":"https:\/\/ttr.works\/pt-br\/wp-json\/wp\/v2\/pages\/2751","targetHints":{"allow":["GET"]}}],"collection":[{"href":"https:\/\/ttr.works\/pt-br\/wp-json\/wp\/v2\/pages"}],"about":[{"href":"https:\/\/ttr.works\/pt-br\/wp-json\/wp\/v2\/types\/page"}],"author":[{"embeddable":true,"href":"https:\/\/ttr.works\/pt-br\/wp-json\/wp\/v2\/users\/1"}],"replies":[{"embeddable":true,"href":"https:\/\/ttr.works\/pt-br\/wp-json\/wp\/v2\/comments?post=2751"}],"version-history":[{"count":2,"href":"https:\/\/ttr.works\/pt-br\/wp-json\/wp\/v2\/pages\/2751\/revisions"}],"predecessor-version":[{"id":20965,"href":"https:\/\/ttr.works\/pt-br\/wp-json\/wp\/v2\/pages\/2751\/revisions\/20965"}],"up":[{"embeddable":true,"href":"https:\/\/ttr.works\/pt-br\/wp-json\/wp\/v2\/pages\/2682"}],"wp:attachment":[{"href":"https:\/\/ttr.works\/pt-br\/wp-json\/wp\/v2\/media?parent=2751"}],"wp:term":[{"taxonomy":"category","embeddable":true,"href":"https:\/\/ttr.works\/pt-br\/wp-json\/wp\/v2\/categories?post=2751"},{"taxonomy":"post_tag","embeddable":true,"href":"https:\/\/ttr.works\/pt-br\/wp-json\/wp\/v2\/tags?post=2751"}],"curies":[{"name":"wp","href":"https:\/\/api.w.org\/{rel}","templated":true}]}}