{"id":29353,"date":"2025-11-12T12:57:13","date_gmt":"2025-11-12T12:57:13","guid":{"rendered":"https:\/\/ttr.works\/?page_id=29353"},"modified":"2025-11-12T13:01:31","modified_gmt":"2025-11-12T13:01:31","slug":"recicle-cabecas-de-impressao-e-rolos-de-platina","status":"publish","type":"page","link":"https:\/\/ttr.works\/pt-br\/recicle-cabecas-de-impressao-e-rolos-de-platina\/","title":{"rendered":"Recicle Cabe\u00e7as de Impress\u00e3o e Rolos de Platina"},"content":{"rendered":"\r\n<p>As cabe\u00e7as de impress\u00e3o t\u00e9rmicas e os rolos de platina cont\u00eam metais valiosos como ferro, alum\u00ednio e a\u00e7o que podem ser reutilizados \u2014 ajudando a reduzir as emiss\u00f5es de CO\u2082 e o uso de mat\u00e9rias-primas. \u00c9 por isso que lan\u00e7amos o <strong>Programa de Reciclagem TTR<\/strong>. <\/p>\r\n<div class=\"wp-block-image\">\r\n<figure id=\"block-74e43d50-f0b5-4c0c-b23c-3cddcbfeee88\" class=\"alignright size-full is-resized\"><img decoding=\"async\" class=\"wp-image-23611 lazyload\" style=\"--smush-placeholder-width: 285px; --smush-placeholder-aspect-ratio: 285\/284;width: 353px; height: auto;\" data-src=\"https:\/\/ttr.works\/wp-content\/uploads\/recycle-badge.png\" alt=\"\" src=\"data:image\/svg+xml;base64,PHN2ZyB3aWR0aD0iMSIgaGVpZ2h0PSIxIiB4bWxucz0iaHR0cDovL3d3dy53My5vcmcvMjAwMC9zdmciPjwvc3ZnPg==\" \/><\/figure><\/div>\r\n<p>&nbsp;<\/p>\r\n\r\n\r\n<h3 class=\"wp-block-heading\">Como funciona<\/h3>\r\n<p><strong>Recolha as cabe\u00e7as de impress\u00e3o e rolos de platina usados<\/strong> &#8211; n\u00e3o importa se foram comprados na TTR ou em outro lugar.<\/p>\r\n<p><strong>Envie-os para a TTR<\/strong> em lotes de pelo menos 10 pe\u00e7as para uma log\u00edstica eficiente.<\/p>\r\n<p>O nosso <strong>parceiro de reciclagem classifica e reutiliza<\/strong> o m\u00e1ximo poss\u00edvel de materiais para novas aplica\u00e7\u00f5es.<\/p>\r\n\r\n\r\n<p>&nbsp;<\/p>\r\n\r\n\r\n<h3 class=\"wp-block-heading\">B\u00f4nus gratuito<\/h3>\r\n<p data-start=\"59\" data-end=\"370\">Como b\u00f4nus, voc\u00ea receber\u00e1 um <strong data-start=\"59\" data-end=\"370\">POTE DE LIMPEZA GRATUITO<\/strong> (dispensador com 100 len\u00e7os de limpeza para cabe\u00e7as de impress\u00e3o e rolos de platina) com o seu pr\u00f3ximo envio por cada 10 cabe\u00e7as de impress\u00e3o usadas que devolver*. A limpeza regular prolonga significativamente a vida \u00fatil de uma cabe\u00e7a de impress\u00e3o. <strong data-start=\"59\" data-end=\"370\">\ud83c\udf31<\/strong><\/p>\r\n<p data-start=\"372\" data-end=\"458\" data-is-last-node=\"\" data-is-only-node=\"\">Sinta-se \u00e0 vontade para usar o badge de Parceiro de Reciclagem TTR no seu pr\u00f3prio site e comunica\u00e7\u00f5es. Juntos, reduzimos o desperd\u00edcio e fazemos a diferen\u00e7a! \u267b<\/p>\r\n<p>&nbsp;<\/p>\r\n<p><em>* M\u00e1ximo de 10 potes de limpeza.<\/em><\/p>\r\n<h3>&nbsp;<\/h3>\r\n<h3 class=\"wp-block-heading\">Onde enviar seus itens<\/h3>\r\n<p>&nbsp;<\/p>\r\n\r\n\r\n<p>\ud83d\udccd <strong>Pa\u00edses Baixos (Sede)<\/strong><br \/>TTR Euroworks, Edisonweg 47, 2952 AD, Alblasserdam<br \/>FAO: Sales Support<br \/>\ud83d\udce7 <a href=\"mailto:salessupport@ttr.nl\">salessupport@ttr.nl<\/a> | \u260e\ufe0f +31 786 932 000<\/p>\r\n\r\n\r\n<div class=\"wp-block-spacer\" style=\"height: 24px;\" aria-hidden=\"true\">&nbsp;<\/div>\r\n\r\n\r\n<p>\ud83d\udccd <strong>Reino Unido<\/strong><br \/>TTR Euroworks UK, Unit 6B, Lea Green Business Park, Eurolink, St Helens, Merseyside, WA9 4TR<br \/>FAO: Sales Support<br \/>\ud83d\udce7 <a href=\"mailto:support@ttr.works\">support@ttr.works<\/a> | \u260e\ufe0f 01744 815200<\/p>\r\n\r\n\r\n<p>&nbsp;<\/p>\r\n\r\n\r\n<div class=\"wp-block-spacer\" style=\"height: 31px;\" aria-hidden=\"true\">&nbsp;<\/div>\r\n\r\n\r\n\r\n<div class=\"wp-block-spacer\" style=\"height: 36px;\" aria-hidden=\"true\">&nbsp;<\/div>\r\n\r\n\r\n<p class=\"has-text-align-center\">&nbsp;<\/p>\r\n\r\n","protected":false},"excerpt":{"rendered":"","protected":false},"author":5,"featured_media":0,"parent":0,"menu_order":0,"comment_status":"closed","ping_status":"closed","template":"template-product.php","meta":{"_acf_changed":false,"content-type":"","footnotes":""},"categories":[],"tags":[266],"class_list":["post-29353","page","type-page","status-publish","hentry","tag-product-pt-br"],"acf":[],"yoast_head":"<!-- This site is optimized with the Yoast SEO plugin v25.9 - https:\/\/yoast.com\/wordpress\/plugins\/seo\/ -->\n<title>Recicle Cabe\u00e7as de Impress\u00e3o e Rolos de Platina - TTR Euroworks<\/title>\n<meta name=\"robots\" content=\"index, follow, max-snippet:-1, max-image-preview:large, max-video-preview:-1\" \/>\n<link rel=\"canonical\" href=\"https:\/\/ttr.works\/pt-br\/recicle-cabecas-de-impressao-e-rolos-de-platina\/\" \/>\n<meta property=\"og:locale\" content=\"pt_BR\" \/>\n<meta property=\"og:type\" content=\"article\" \/>\n<meta property=\"og:title\" content=\"Recicle Cabe\u00e7as de Impress\u00e3o e Rolos de Platina - TTR Euroworks\" \/>\n<meta property=\"og:url\" content=\"https:\/\/ttr.works\/pt-br\/recicle-cabecas-de-impressao-e-rolos-de-platina\/\" \/>\n<meta property=\"og:site_name\" content=\"TTR Euroworks\" \/>\n<meta property=\"article:modified_time\" content=\"2025-11-12T13:01:31+00:00\" \/>\n<meta property=\"og:image\" content=\"https:\/\/ttr.works\/wp-content\/uploads\/printhead-example_with-space-1.png\" \/>\n\t<meta property=\"og:image:width\" content=\"400\" \/>\n\t<meta property=\"og:image:height\" content=\"218\" \/>\n\t<meta property=\"og:image:type\" content=\"image\/png\" \/>\n<meta name=\"twitter:card\" content=\"summary_large_image\" \/>\n<meta name=\"twitter:label1\" content=\"Est. tempo de leitura\" \/>\n\t<meta name=\"twitter:data1\" content=\"1 minuto\" \/>\n<script type=\"application\/ld+json\" class=\"yoast-schema-graph\">{\"@context\":\"https:\/\/schema.org\",\"@graph\":[{\"@type\":\"WebPage\",\"@id\":\"https:\/\/ttr.works\/pt-br\/recicle-cabecas-de-impressao-e-rolos-de-platina\/\",\"url\":\"https:\/\/ttr.works\/pt-br\/recicle-cabecas-de-impressao-e-rolos-de-platina\/\",\"name\":\"Recicle Cabe\u00e7as de Impress\u00e3o e Rolos de Platina - TTR Euroworks\",\"isPartOf\":{\"@id\":\"https:\/\/ttr.works\/pt-br\/#website\"},\"primaryImageOfPage\":{\"@id\":\"https:\/\/ttr.works\/pt-br\/recicle-cabecas-de-impressao-e-rolos-de-platina\/#primaryimage\"},\"image\":{\"@id\":\"https:\/\/ttr.works\/pt-br\/recicle-cabecas-de-impressao-e-rolos-de-platina\/#primaryimage\"},\"thumbnailUrl\":\"https:\/\/ttr.works\/wp-content\/uploads\/recycle-badge.png\",\"datePublished\":\"2025-11-12T12:57:13+00:00\",\"dateModified\":\"2025-11-12T13:01:31+00:00\",\"breadcrumb\":{\"@id\":\"https:\/\/ttr.works\/pt-br\/recicle-cabecas-de-impressao-e-rolos-de-platina\/#breadcrumb\"},\"inLanguage\":\"pt-BR\",\"potentialAction\":[{\"@type\":\"ReadAction\",\"target\":[\"https:\/\/ttr.works\/pt-br\/recicle-cabecas-de-impressao-e-rolos-de-platina\/\"]}]},{\"@type\":\"ImageObject\",\"inLanguage\":\"pt-BR\",\"@id\":\"https:\/\/ttr.works\/pt-br\/recicle-cabecas-de-impressao-e-rolos-de-platina\/#primaryimage\",\"url\":\"https:\/\/ttr.works\/wp-content\/uploads\/recycle-badge.png\",\"contentUrl\":\"https:\/\/ttr.works\/wp-content\/uploads\/recycle-badge.png\"},{\"@type\":\"BreadcrumbList\",\"@id\":\"https:\/\/ttr.works\/pt-br\/recicle-cabecas-de-impressao-e-rolos-de-platina\/#breadcrumb\",\"itemListElement\":[{\"@type\":\"ListItem\",\"position\":1,\"name\":\"Home\",\"item\":\"https:\/\/ttr.works\/pt-br\/inicio\/\"},{\"@type\":\"ListItem\",\"position\":2,\"name\":\"Recicle Cabe\u00e7as de Impress\u00e3o e Rolos de Platina\"}]},{\"@type\":\"WebSite\",\"@id\":\"https:\/\/ttr.works\/pt-br\/#website\",\"url\":\"https:\/\/ttr.works\/pt-br\/\",\"name\":\"TTR Euroworks\",\"description\":\"Your ttr partner\",\"potentialAction\":[{\"@type\":\"SearchAction\",\"target\":{\"@type\":\"EntryPoint\",\"urlTemplate\":\"https:\/\/ttr.works\/pt-br\/?s={search_term_string}\"},\"query-input\":{\"@type\":\"PropertyValueSpecification\",\"valueRequired\":true,\"valueName\":\"search_term_string\"}}],\"inLanguage\":\"pt-BR\"}]}<\/script>\n<!-- \/ Yoast SEO plugin. -->","yoast_head_json":{"title":"Recicle Cabe\u00e7as de Impress\u00e3o e Rolos de Platina - TTR Euroworks","robots":{"index":"index","follow":"follow","max-snippet":"max-snippet:-1","max-image-preview":"max-image-preview:large","max-video-preview":"max-video-preview:-1"},"canonical":"https:\/\/ttr.works\/pt-br\/recicle-cabecas-de-impressao-e-rolos-de-platina\/","og_locale":"pt_BR","og_type":"article","og_title":"Recicle Cabe\u00e7as de Impress\u00e3o e Rolos de Platina - TTR Euroworks","og_url":"https:\/\/ttr.works\/pt-br\/recicle-cabecas-de-impressao-e-rolos-de-platina\/","og_site_name":"TTR Euroworks","article_modified_time":"2025-11-12T13:01:31+00:00","og_image":[{"width":400,"height":218,"url":"https:\/\/ttr.works\/wp-content\/uploads\/printhead-example_with-space-1.png","type":"image\/png"}],"twitter_card":"summary_large_image","twitter_misc":{"Est. tempo de leitura":"1 minuto"},"schema":{"@context":"https:\/\/schema.org","@graph":[{"@type":"WebPage","@id":"https:\/\/ttr.works\/pt-br\/recicle-cabecas-de-impressao-e-rolos-de-platina\/","url":"https:\/\/ttr.works\/pt-br\/recicle-cabecas-de-impressao-e-rolos-de-platina\/","name":"Recicle Cabe\u00e7as de Impress\u00e3o e Rolos de Platina - TTR Euroworks","isPartOf":{"@id":"https:\/\/ttr.works\/pt-br\/#website"},"primaryImageOfPage":{"@id":"https:\/\/ttr.works\/pt-br\/recicle-cabecas-de-impressao-e-rolos-de-platina\/#primaryimage"},"image":{"@id":"https:\/\/ttr.works\/pt-br\/recicle-cabecas-de-impressao-e-rolos-de-platina\/#primaryimage"},"thumbnailUrl":"https:\/\/ttr.works\/wp-content\/uploads\/recycle-badge.png","datePublished":"2025-11-12T12:57:13+00:00","dateModified":"2025-11-12T13:01:31+00:00","breadcrumb":{"@id":"https:\/\/ttr.works\/pt-br\/recicle-cabecas-de-impressao-e-rolos-de-platina\/#breadcrumb"},"inLanguage":"pt-BR","potentialAction":[{"@type":"ReadAction","target":["https:\/\/ttr.works\/pt-br\/recicle-cabecas-de-impressao-e-rolos-de-platina\/"]}]},{"@type":"ImageObject","inLanguage":"pt-BR","@id":"https:\/\/ttr.works\/pt-br\/recicle-cabecas-de-impressao-e-rolos-de-platina\/#primaryimage","url":"https:\/\/ttr.works\/wp-content\/uploads\/recycle-badge.png","contentUrl":"https:\/\/ttr.works\/wp-content\/uploads\/recycle-badge.png"},{"@type":"BreadcrumbList","@id":"https:\/\/ttr.works\/pt-br\/recicle-cabecas-de-impressao-e-rolos-de-platina\/#breadcrumb","itemListElement":[{"@type":"ListItem","position":1,"name":"Home","item":"https:\/\/ttr.works\/pt-br\/inicio\/"},{"@type":"ListItem","position":2,"name":"Recicle Cabe\u00e7as de Impress\u00e3o e Rolos de Platina"}]},{"@type":"WebSite","@id":"https:\/\/ttr.works\/pt-br\/#website","url":"https:\/\/ttr.works\/pt-br\/","name":"TTR Euroworks","description":"Your ttr partner","potentialAction":[{"@type":"SearchAction","target":{"@type":"EntryPoint","urlTemplate":"https:\/\/ttr.works\/pt-br\/?s={search_term_string}"},"query-input":{"@type":"PropertyValueSpecification","valueRequired":true,"valueName":"search_term_string"}}],"inLanguage":"pt-BR"}]}},"_links":{"self":[{"href":"https:\/\/ttr.works\/pt-br\/wp-json\/wp\/v2\/pages\/29353","targetHints":{"allow":["GET"]}}],"collection":[{"href":"https:\/\/ttr.works\/pt-br\/wp-json\/wp\/v2\/pages"}],"about":[{"href":"https:\/\/ttr.works\/pt-br\/wp-json\/wp\/v2\/types\/page"}],"author":[{"embeddable":true,"href":"https:\/\/ttr.works\/pt-br\/wp-json\/wp\/v2\/users\/5"}],"replies":[{"embeddable":true,"href":"https:\/\/ttr.works\/pt-br\/wp-json\/wp\/v2\/comments?post=29353"}],"version-history":[{"count":3,"href":"https:\/\/ttr.works\/pt-br\/wp-json\/wp\/v2\/pages\/29353\/revisions"}],"predecessor-version":[{"id":29676,"href":"https:\/\/ttr.works\/pt-br\/wp-json\/wp\/v2\/pages\/29353\/revisions\/29676"}],"wp:attachment":[{"href":"https:\/\/ttr.works\/pt-br\/wp-json\/wp\/v2\/media?parent=29353"}],"wp:term":[{"taxonomy":"category","embeddable":true,"href":"https:\/\/ttr.works\/pt-br\/wp-json\/wp\/v2\/categories?post=29353"},{"taxonomy":"post_tag","embeddable":true,"href":"https:\/\/ttr.works\/pt-br\/wp-json\/wp\/v2\/tags?post=29353"}],"curies":[{"name":"wp","href":"https:\/\/api.w.org\/{rel}","templated":true}]}}