{"id":3261,"date":"2020-11-09T09:46:50","date_gmt":"2020-11-09T09:46:50","guid":{"rendered":"https:\/\/ttr.works\/?page_id=3261"},"modified":"2020-11-09T09:47:15","modified_gmt":"2020-11-09T09:47:15","slug":"politica-de-devolucao","status":"publish","type":"page","link":"https:\/\/ttr.works\/pt-br\/politica-de-devolucao\/","title":{"rendered":"Pol\u00edtica de devolu\u00e7\u00e3o"},"content":{"rendered":"\n<p>As pe\u00e7as que estiverem danificadas e\/ou instaladas ou cuja embalagem tenha sido aberta n\u00e3o podem ser devolvidas. Se desejar devolver seu pedido, voc\u00ea ser\u00e1 respons\u00e1vel pelo envio correto e pelos custos adicionais de envio.<\/p>\n\n\n\n<p>Todas as placas, fontes de energia e produtos pedidos especialmente que forem adquiridos da TTR Euroworks B.V., ou por ela produzidos, n\u00e3o est\u00e3o sujeitos a devolu\u00e7\u00e3o, exceto em caso de defeitos. Se voc\u00ea devolver um produto com defeito, ele ser\u00e1 avaliado pelo fabricante. Se, ap\u00f3s a avalia\u00e7\u00e3o, for verificado que o produto est\u00e1 realmente com defeito, o fabricante determinar\u00e1 se oferecer\u00e1 um reparo, substitui\u00e7\u00e3o ou cr\u00e9dito. No entanto, caso pare\u00e7a que o produto esteja em boas condi\u00e7\u00f5es, ele ser\u00e1 devolvido a voc\u00ea. Nesse caso, voc\u00ea ser\u00e1 respons\u00e1vel pelos custos decorrentes.<\/p>\n\n\n\n<p>Se voc\u00ea tiver uma solicita\u00e7\u00e3o de RMA (Autoriza\u00e7\u00e3o de devolu\u00e7\u00e3o de material), entre em contato conosco por meio de nossa p\u00e1gina de contato. N\u00f3s retornaremos assim que poss\u00edvel e ofereceremos uma solu\u00e7\u00e3o apropriada se poss\u00edvel.<\/p>\n\n\n\n<p>A TTR Euroworks BV n\u00e3o \u00e9 respons\u00e1vel pela orienta\u00e7\u00e3o oferecida por uma assist\u00eancia t\u00e9cnica.<\/p>\n","protected":false},"excerpt":{"rendered":"<p>As pe\u00e7as que estiverem danificadas e\/ou instaladas ou cuja embalagem tenha sido aberta n\u00e3o podem ser devolvidas. Se desejar devolver seu pedido, voc\u00ea ser\u00e1 respons\u00e1vel pelo envio correto e pelos custos adicionais de envio. Todas as placas, fontes de energia e produtos pedidos especialmente que forem adquiridos da TTR Euroworks B.V., ou por ela produzidos, [&hellip;]<\/p>\n","protected":false},"author":1,"featured_media":0,"parent":0,"menu_order":0,"comment_status":"closed","ping_status":"closed","template":"template-content.php","meta":{"_acf_changed":false,"content-type":"","footnotes":""},"categories":[],"tags":[],"class_list":["post-3261","page","type-page","status-publish","hentry"],"acf":[],"yoast_head":"<!-- This site is optimized with the Yoast SEO plugin v25.9 - https:\/\/yoast.com\/wordpress\/plugins\/seo\/ -->\n<title>Pol\u00edtica de devolu\u00e7\u00e3o - TTR Euroworks<\/title>\n<meta name=\"robots\" content=\"index, follow, max-snippet:-1, max-image-preview:large, max-video-preview:-1\" \/>\n<link rel=\"canonical\" href=\"https:\/\/ttr.works\/pt-br\/politica-de-devolucao\/\" \/>\n<meta property=\"og:locale\" content=\"pt_BR\" \/>\n<meta property=\"og:type\" content=\"article\" \/>\n<meta property=\"og:title\" content=\"Pol\u00edtica de devolu\u00e7\u00e3o - TTR Euroworks\" \/>\n<meta property=\"og:description\" content=\"As pe\u00e7as que estiverem danificadas e\/ou instaladas ou cuja embalagem tenha sido aberta n\u00e3o podem ser devolvidas. Se desejar devolver seu pedido, voc\u00ea ser\u00e1 respons\u00e1vel pelo envio correto e pelos custos adicionais de envio. Todas as placas, fontes de energia e produtos pedidos especialmente que forem adquiridos da TTR Euroworks B.V., ou por ela produzidos, [&hellip;]\" \/>\n<meta property=\"og:url\" content=\"https:\/\/ttr.works\/pt-br\/politica-de-devolucao\/\" \/>\n<meta property=\"og:site_name\" content=\"TTR Euroworks\" \/>\n<meta property=\"article:modified_time\" content=\"2020-11-09T09:47:15+00:00\" \/>\n<meta name=\"twitter:card\" content=\"summary_large_image\" \/>\n<meta name=\"twitter:label1\" content=\"Est. tempo de leitura\" \/>\n\t<meta name=\"twitter:data1\" content=\"1 minuto\" \/>\n<script type=\"application\/ld+json\" class=\"yoast-schema-graph\">{\"@context\":\"https:\/\/schema.org\",\"@graph\":[{\"@type\":\"WebPage\",\"@id\":\"https:\/\/ttr.works\/pt-br\/politica-de-devolucao\/\",\"url\":\"https:\/\/ttr.works\/pt-br\/politica-de-devolucao\/\",\"name\":\"Pol\u00edtica de devolu\u00e7\u00e3o - TTR Euroworks\",\"isPartOf\":{\"@id\":\"https:\/\/ttr.works\/pt-br\/#website\"},\"datePublished\":\"2020-11-09T09:46:50+00:00\",\"dateModified\":\"2020-11-09T09:47:15+00:00\",\"breadcrumb\":{\"@id\":\"https:\/\/ttr.works\/pt-br\/politica-de-devolucao\/#breadcrumb\"},\"inLanguage\":\"pt-BR\",\"potentialAction\":[{\"@type\":\"ReadAction\",\"target\":[\"https:\/\/ttr.works\/pt-br\/politica-de-devolucao\/\"]}]},{\"@type\":\"BreadcrumbList\",\"@id\":\"https:\/\/ttr.works\/pt-br\/politica-de-devolucao\/#breadcrumb\",\"itemListElement\":[{\"@type\":\"ListItem\",\"position\":1,\"name\":\"Home\",\"item\":\"https:\/\/ttr.works\/pt-br\/inicio\/\"},{\"@type\":\"ListItem\",\"position\":2,\"name\":\"Pol\u00edtica de devolu\u00e7\u00e3o\"}]},{\"@type\":\"WebSite\",\"@id\":\"https:\/\/ttr.works\/pt-br\/#website\",\"url\":\"https:\/\/ttr.works\/pt-br\/\",\"name\":\"TTR Euroworks\",\"description\":\"Your ttr partner\",\"potentialAction\":[{\"@type\":\"SearchAction\",\"target\":{\"@type\":\"EntryPoint\",\"urlTemplate\":\"https:\/\/ttr.works\/pt-br\/?s={search_term_string}\"},\"query-input\":{\"@type\":\"PropertyValueSpecification\",\"valueRequired\":true,\"valueName\":\"search_term_string\"}}],\"inLanguage\":\"pt-BR\"}]}<\/script>\n<!-- \/ Yoast SEO plugin. -->","yoast_head_json":{"title":"Pol\u00edtica de devolu\u00e7\u00e3o - TTR Euroworks","robots":{"index":"index","follow":"follow","max-snippet":"max-snippet:-1","max-image-preview":"max-image-preview:large","max-video-preview":"max-video-preview:-1"},"canonical":"https:\/\/ttr.works\/pt-br\/politica-de-devolucao\/","og_locale":"pt_BR","og_type":"article","og_title":"Pol\u00edtica de devolu\u00e7\u00e3o - TTR Euroworks","og_description":"As pe\u00e7as que estiverem danificadas e\/ou instaladas ou cuja embalagem tenha sido aberta n\u00e3o podem ser devolvidas. Se desejar devolver seu pedido, voc\u00ea ser\u00e1 respons\u00e1vel pelo envio correto e pelos custos adicionais de envio. Todas as placas, fontes de energia e produtos pedidos especialmente que forem adquiridos da TTR Euroworks B.V., ou por ela produzidos, [&hellip;]","og_url":"https:\/\/ttr.works\/pt-br\/politica-de-devolucao\/","og_site_name":"TTR Euroworks","article_modified_time":"2020-11-09T09:47:15+00:00","twitter_card":"summary_large_image","twitter_misc":{"Est. tempo de leitura":"1 minuto"},"schema":{"@context":"https:\/\/schema.org","@graph":[{"@type":"WebPage","@id":"https:\/\/ttr.works\/pt-br\/politica-de-devolucao\/","url":"https:\/\/ttr.works\/pt-br\/politica-de-devolucao\/","name":"Pol\u00edtica de devolu\u00e7\u00e3o - TTR Euroworks","isPartOf":{"@id":"https:\/\/ttr.works\/pt-br\/#website"},"datePublished":"2020-11-09T09:46:50+00:00","dateModified":"2020-11-09T09:47:15+00:00","breadcrumb":{"@id":"https:\/\/ttr.works\/pt-br\/politica-de-devolucao\/#breadcrumb"},"inLanguage":"pt-BR","potentialAction":[{"@type":"ReadAction","target":["https:\/\/ttr.works\/pt-br\/politica-de-devolucao\/"]}]},{"@type":"BreadcrumbList","@id":"https:\/\/ttr.works\/pt-br\/politica-de-devolucao\/#breadcrumb","itemListElement":[{"@type":"ListItem","position":1,"name":"Home","item":"https:\/\/ttr.works\/pt-br\/inicio\/"},{"@type":"ListItem","position":2,"name":"Pol\u00edtica de devolu\u00e7\u00e3o"}]},{"@type":"WebSite","@id":"https:\/\/ttr.works\/pt-br\/#website","url":"https:\/\/ttr.works\/pt-br\/","name":"TTR Euroworks","description":"Your ttr partner","potentialAction":[{"@type":"SearchAction","target":{"@type":"EntryPoint","urlTemplate":"https:\/\/ttr.works\/pt-br\/?s={search_term_string}"},"query-input":{"@type":"PropertyValueSpecification","valueRequired":true,"valueName":"search_term_string"}}],"inLanguage":"pt-BR"}]}},"_links":{"self":[{"href":"https:\/\/ttr.works\/pt-br\/wp-json\/wp\/v2\/pages\/3261","targetHints":{"allow":["GET"]}}],"collection":[{"href":"https:\/\/ttr.works\/pt-br\/wp-json\/wp\/v2\/pages"}],"about":[{"href":"https:\/\/ttr.works\/pt-br\/wp-json\/wp\/v2\/types\/page"}],"author":[{"embeddable":true,"href":"https:\/\/ttr.works\/pt-br\/wp-json\/wp\/v2\/users\/1"}],"replies":[{"embeddable":true,"href":"https:\/\/ttr.works\/pt-br\/wp-json\/wp\/v2\/comments?post=3261"}],"version-history":[{"count":0,"href":"https:\/\/ttr.works\/pt-br\/wp-json\/wp\/v2\/pages\/3261\/revisions"}],"wp:attachment":[{"href":"https:\/\/ttr.works\/pt-br\/wp-json\/wp\/v2\/media?parent=3261"}],"wp:term":[{"taxonomy":"category","embeddable":true,"href":"https:\/\/ttr.works\/pt-br\/wp-json\/wp\/v2\/categories?post=3261"},{"taxonomy":"post_tag","embeddable":true,"href":"https:\/\/ttr.works\/pt-br\/wp-json\/wp\/v2\/tags?post=3261"}],"curies":[{"name":"wp","href":"https:\/\/api.w.org\/{rel}","templated":true}]}}