{"id":6551,"date":"2021-10-11T08:13:21","date_gmt":"2021-10-11T08:13:21","guid":{"rendered":"https:\/\/ttr.works\/?page_id=6551"},"modified":"2024-07-08T09:20:54","modified_gmt":"2024-07-08T09:20:54","slug":"materiais-de-limpeza-da-cabeca-de-impressao","status":"publish","type":"page","link":"https:\/\/ttr.works\/pt-br\/materiais-de-limpeza-da-cabeca-de-impressao\/","title":{"rendered":"Limpe seu cabe\u00e7ote de impress\u00e3o"},"content":{"rendered":"\n<h2 class=\"wp-block-heading\">Cabe\u00e7otes de impress\u00e3o t\u00e9rmica duram muito mais se voc\u00ea cuidar bem deles<\/h2>\n\n\n<p><strong>N\u00e3o precisamos te dizer que o cabe\u00e7ote de impress\u00e3o \u00e9 a pe\u00e7a de reposi\u00e7\u00e3o mais cara em uma impressora de etiquetas. Tamb\u00e9m \u00e9 a parte mais impactada pelo desgaste. Res\u00edduos de tinta, sujeira e poeira se acumulam. Isso causa a maioria dos problemas relacionados \u00e0 impress\u00e3o e reduz o desempenho de impress\u00e3o da impressora de etiquetas.<\/strong><\/p>\n\n\n<p>A boa not\u00edcia? Voc\u00ea mesmo pode prevenir a falha prematura do cabe\u00e7ote de impress\u00e3o. Com nossos produtos de limpeza de cabe\u00e7otes de impress\u00e3o 4U, voc\u00ea ter\u00e1 uma solu\u00e7\u00e3o certificada para cada impressora de etiquetas. Nossos len\u00e7os, canetas e cotonetes de limpeza s\u00e3o f\u00e1ceis de usar. Qualquer um pode fazer isso.<\/p>\n\n\n<div style=\"height:20px\" aria-hidden=\"true\" class=\"wp-block-spacer\"><\/div>\n\n\n<a href=\"https:\/\/thermalprinting.shop\/cleaning\" class=\"link-btn\">TTR Webshop <i class=\"fal fa-chevron-right\"><\/i><\/a><a href=\"https:\/\/ttr.works\/thermal-transfer\/reseller.php\" class=\"link-btn second\">P\u00e1gina do Revendedor <i class=\"fal fa-chevron-right\"><\/i><\/a>\n\n\n\n<div style=\"height:42px\" aria-hidden=\"true\" class=\"wp-block-spacer\"><\/div>\n\n\n<h2 class=\"wp-block-heading\">Do nosso blog<\/h2>\n\n\n<div style=\"height:18px\" aria-hidden=\"true\" class=\"wp-block-spacer\"><\/div>\n\n\n<div class=\"wp-block-media-text is-stacked-on-mobile\" style=\"grid-template-columns:29% auto\"><figure class=\"wp-block-media-text__media\"><a href=\"https:\/\/ttr.works\/tips-for-a-longer-printhead-life\/\"><img decoding=\"async\" width=\"218\" height=\"171\" data-src=\"https:\/\/ttr.works\/wp-content\/uploads\/blog-TTR-cleaning.png\" alt=\"\" class=\"wp-image-23261 size-full lazyload\" src=\"data:image\/svg+xml;base64,PHN2ZyB3aWR0aD0iMSIgaGVpZ2h0PSIxIiB4bWxucz0iaHR0cDovL3d3dy53My5vcmcvMjAwMC9zdmciPjwvc3ZnPg==\" style=\"--smush-placeholder-width: 218px; --smush-placeholder-aspect-ratio: 218\/171;\" \/><\/a><\/figure><div class=\"wp-block-media-text__content\">\n<p><strong><a href=\"https:\/\/ttr.works\/tips-for-a-longer-printhead-life\/\">Dicas de especialistas para uma vida \u00fatil mais longa do cabe\u00e7ote de impress\u00e3o<\/a><\/strong>: O cabe\u00e7ote da impressora \u00e9 um dos componentes mais importantes e caros. Est\u00e1 na linha de frente do desgaste, s\u00e3o delicados e podem ser bastante caros. As dicas de especialistas neste artigo te ajudar\u00e3o a obter a maior vida \u00fatil do seu cabe\u00e7ote de impress\u00e3o. Voc\u00ea economizar\u00e1 dinheiro substituindo-os com menos frequ\u00eancia.<\/p>\n<\/div><\/div>\n\n\n<div style=\"height:25px\" aria-hidden=\"true\" class=\"wp-block-spacer\"><\/div>\n\n\n<div class=\"wp-block-media-text is-stacked-on-mobile\" style=\"grid-template-columns:29% auto\"><figure class=\"wp-block-media-text__media\"><a href=\"https:\/\/ttr.works\/tips-for-a-longer-printhead-life\/\"><img decoding=\"async\" width=\"988\" height=\"323\" data-src=\"https:\/\/ttr.works\/wp-content\/uploads\/4URP-Homepage-Banner-2-1.png\" alt=\"\" class=\"wp-image-22877 size-full lazyload\" data-srcset=\"https:\/\/ttr.works\/wp-content\/uploads\/4URP-Homepage-Banner-2-1.png 988w, https:\/\/ttr.works\/wp-content\/uploads\/4URP-Homepage-Banner-2-1-300x98.png 300w, https:\/\/ttr.works\/wp-content\/uploads\/4URP-Homepage-Banner-2-1-768x251.png 768w\" data-sizes=\"(max-width: 988px) 100vw, 988px\" src=\"data:image\/svg+xml;base64,PHN2ZyB3aWR0aD0iMSIgaGVpZ2h0PSIxIiB4bWxucz0iaHR0cDovL3d3dy53My5vcmcvMjAwMC9zdmciPjwvc3ZnPg==\" style=\"--smush-placeholder-width: 988px; --smush-placeholder-aspect-ratio: 988\/323;\" \/><\/a><\/figure><div class=\"wp-block-media-text__content\">\n<p><a href=\"https:\/\/ttr.works\/thermal-transfer\/4u-rewards.php\"><strong>Acumule pontos para seus pr\u00f3prios descontos:<\/strong><\/a> Voc\u00ea pode acumular pontos com cada compra de cabe\u00e7otes de impress\u00e3o e impressoras. \u00c9 100% gratuito e voc\u00ea n\u00e3o precisa fazer nada, exceto se inscrever. Voc\u00ea pode usar este desconto em produtos de limpeza 4U ou ribbons t\u00e9rmicos.<\/p>\n<\/div><\/div>\n\n\n<div style=\"height:25px\" aria-hidden=\"true\" class=\"wp-block-spacer\"><\/div>\n","protected":false},"excerpt":{"rendered":"<p>Cabe\u00e7otes de impress\u00e3o t\u00e9rmica duram muito mais se voc\u00ea cuidar bem deles N\u00e3o precisamos te dizer que o cabe\u00e7ote de impress\u00e3o \u00e9 a pe\u00e7a de reposi\u00e7\u00e3o mais cara em uma impressora de etiquetas. Tamb\u00e9m \u00e9 a parte mais impactada pelo desgaste. Res\u00edduos de tinta, sujeira e poeira se acumulam. Isso causa a maioria dos problemas [&hellip;]<\/p>\n","protected":false},"author":1,"featured_media":0,"parent":0,"menu_order":0,"comment_status":"closed","ping_status":"closed","template":"template-cleaning.php","meta":{"_acf_changed":false,"content-type":"","footnotes":""},"categories":[],"tags":[266],"class_list":["post-6551","page","type-page","status-publish","hentry","tag-product-pt-br"],"acf":[],"yoast_head":"<!-- This site is optimized with the Yoast SEO plugin v25.9 - https:\/\/yoast.com\/wordpress\/plugins\/seo\/ -->\n<title>Limpe seu cabe\u00e7ote de impress\u00e3o - TTR Euroworks<\/title>\n<meta name=\"robots\" content=\"index, follow, max-snippet:-1, max-image-preview:large, max-video-preview:-1\" \/>\n<link rel=\"canonical\" href=\"https:\/\/ttr.works\/pt-br\/materiais-de-limpeza-da-cabeca-de-impressao\/\" \/>\n<meta property=\"og:locale\" content=\"pt_BR\" \/>\n<meta property=\"og:type\" content=\"article\" \/>\n<meta property=\"og:title\" content=\"Limpe seu cabe\u00e7ote de impress\u00e3o - TTR Euroworks\" \/>\n<meta property=\"og:description\" content=\"Cabe\u00e7otes de impress\u00e3o t\u00e9rmica duram muito mais se voc\u00ea cuidar bem deles N\u00e3o precisamos te dizer que o cabe\u00e7ote de impress\u00e3o \u00e9 a pe\u00e7a de reposi\u00e7\u00e3o mais cara em uma impressora de etiquetas. Tamb\u00e9m \u00e9 a parte mais impactada pelo desgaste. Res\u00edduos de tinta, sujeira e poeira se acumulam. Isso causa a maioria dos problemas [&hellip;]\" \/>\n<meta property=\"og:url\" content=\"https:\/\/ttr.works\/pt-br\/materiais-de-limpeza-da-cabeca-de-impressao\/\" \/>\n<meta property=\"og:site_name\" content=\"TTR Euroworks\" \/>\n<meta property=\"article:modified_time\" content=\"2024-07-08T09:20:54+00:00\" \/>\n<meta property=\"og:image\" content=\"https:\/\/ttr.works\/wp-content\/uploads\/blog-TTR-cleaning.png\" \/>\n<meta name=\"twitter:card\" content=\"summary_large_image\" \/>\n<meta name=\"twitter:label1\" content=\"Est. tempo de leitura\" \/>\n\t<meta name=\"twitter:data1\" content=\"4 minutos\" \/>\n<script type=\"application\/ld+json\" class=\"yoast-schema-graph\">{\"@context\":\"https:\/\/schema.org\",\"@graph\":[{\"@type\":\"WebPage\",\"@id\":\"https:\/\/ttr.works\/pt-br\/materiais-de-limpeza-da-cabeca-de-impressao\/\",\"url\":\"https:\/\/ttr.works\/pt-br\/materiais-de-limpeza-da-cabeca-de-impressao\/\",\"name\":\"Limpe seu cabe\u00e7ote de impress\u00e3o - TTR Euroworks\",\"isPartOf\":{\"@id\":\"https:\/\/ttr.works\/pt-br\/#website\"},\"primaryImageOfPage\":{\"@id\":\"https:\/\/ttr.works\/pt-br\/materiais-de-limpeza-da-cabeca-de-impressao\/#primaryimage\"},\"image\":{\"@id\":\"https:\/\/ttr.works\/pt-br\/materiais-de-limpeza-da-cabeca-de-impressao\/#primaryimage\"},\"thumbnailUrl\":\"https:\/\/ttr.works\/wp-content\/uploads\/blog-TTR-cleaning.png\",\"datePublished\":\"2021-10-11T08:13:21+00:00\",\"dateModified\":\"2024-07-08T09:20:54+00:00\",\"breadcrumb\":{\"@id\":\"https:\/\/ttr.works\/pt-br\/materiais-de-limpeza-da-cabeca-de-impressao\/#breadcrumb\"},\"inLanguage\":\"pt-BR\",\"potentialAction\":[{\"@type\":\"ReadAction\",\"target\":[\"https:\/\/ttr.works\/pt-br\/materiais-de-limpeza-da-cabeca-de-impressao\/\"]}]},{\"@type\":\"ImageObject\",\"inLanguage\":\"pt-BR\",\"@id\":\"https:\/\/ttr.works\/pt-br\/materiais-de-limpeza-da-cabeca-de-impressao\/#primaryimage\",\"url\":\"https:\/\/ttr.works\/wp-content\/uploads\/blog-TTR-cleaning.png\",\"contentUrl\":\"https:\/\/ttr.works\/wp-content\/uploads\/blog-TTR-cleaning.png\"},{\"@type\":\"BreadcrumbList\",\"@id\":\"https:\/\/ttr.works\/pt-br\/materiais-de-limpeza-da-cabeca-de-impressao\/#breadcrumb\",\"itemListElement\":[{\"@type\":\"ListItem\",\"position\":1,\"name\":\"Home\",\"item\":\"https:\/\/ttr.works\/pt-br\/inicio\/\"},{\"@type\":\"ListItem\",\"position\":2,\"name\":\"Limpe seu cabe\u00e7ote de impress\u00e3o\"}]},{\"@type\":\"WebSite\",\"@id\":\"https:\/\/ttr.works\/pt-br\/#website\",\"url\":\"https:\/\/ttr.works\/pt-br\/\",\"name\":\"TTR Euroworks\",\"description\":\"Your ttr partner\",\"potentialAction\":[{\"@type\":\"SearchAction\",\"target\":{\"@type\":\"EntryPoint\",\"urlTemplate\":\"https:\/\/ttr.works\/pt-br\/?s={search_term_string}\"},\"query-input\":{\"@type\":\"PropertyValueSpecification\",\"valueRequired\":true,\"valueName\":\"search_term_string\"}}],\"inLanguage\":\"pt-BR\"}]}<\/script>\n<!-- \/ Yoast SEO plugin. -->","yoast_head_json":{"title":"Limpe seu cabe\u00e7ote de impress\u00e3o - TTR Euroworks","robots":{"index":"index","follow":"follow","max-snippet":"max-snippet:-1","max-image-preview":"max-image-preview:large","max-video-preview":"max-video-preview:-1"},"canonical":"https:\/\/ttr.works\/pt-br\/materiais-de-limpeza-da-cabeca-de-impressao\/","og_locale":"pt_BR","og_type":"article","og_title":"Limpe seu cabe\u00e7ote de impress\u00e3o - TTR Euroworks","og_description":"Cabe\u00e7otes de impress\u00e3o t\u00e9rmica duram muito mais se voc\u00ea cuidar bem deles N\u00e3o precisamos te dizer que o cabe\u00e7ote de impress\u00e3o \u00e9 a pe\u00e7a de reposi\u00e7\u00e3o mais cara em uma impressora de etiquetas. Tamb\u00e9m \u00e9 a parte mais impactada pelo desgaste. Res\u00edduos de tinta, sujeira e poeira se acumulam. Isso causa a maioria dos problemas [&hellip;]","og_url":"https:\/\/ttr.works\/pt-br\/materiais-de-limpeza-da-cabeca-de-impressao\/","og_site_name":"TTR Euroworks","article_modified_time":"2024-07-08T09:20:54+00:00","og_image":[{"url":"https:\/\/ttr.works\/wp-content\/uploads\/blog-TTR-cleaning.png","type":"","width":"","height":""}],"twitter_card":"summary_large_image","twitter_misc":{"Est. tempo de leitura":"4 minutos"},"schema":{"@context":"https:\/\/schema.org","@graph":[{"@type":"WebPage","@id":"https:\/\/ttr.works\/pt-br\/materiais-de-limpeza-da-cabeca-de-impressao\/","url":"https:\/\/ttr.works\/pt-br\/materiais-de-limpeza-da-cabeca-de-impressao\/","name":"Limpe seu cabe\u00e7ote de impress\u00e3o - TTR Euroworks","isPartOf":{"@id":"https:\/\/ttr.works\/pt-br\/#website"},"primaryImageOfPage":{"@id":"https:\/\/ttr.works\/pt-br\/materiais-de-limpeza-da-cabeca-de-impressao\/#primaryimage"},"image":{"@id":"https:\/\/ttr.works\/pt-br\/materiais-de-limpeza-da-cabeca-de-impressao\/#primaryimage"},"thumbnailUrl":"https:\/\/ttr.works\/wp-content\/uploads\/blog-TTR-cleaning.png","datePublished":"2021-10-11T08:13:21+00:00","dateModified":"2024-07-08T09:20:54+00:00","breadcrumb":{"@id":"https:\/\/ttr.works\/pt-br\/materiais-de-limpeza-da-cabeca-de-impressao\/#breadcrumb"},"inLanguage":"pt-BR","potentialAction":[{"@type":"ReadAction","target":["https:\/\/ttr.works\/pt-br\/materiais-de-limpeza-da-cabeca-de-impressao\/"]}]},{"@type":"ImageObject","inLanguage":"pt-BR","@id":"https:\/\/ttr.works\/pt-br\/materiais-de-limpeza-da-cabeca-de-impressao\/#primaryimage","url":"https:\/\/ttr.works\/wp-content\/uploads\/blog-TTR-cleaning.png","contentUrl":"https:\/\/ttr.works\/wp-content\/uploads\/blog-TTR-cleaning.png"},{"@type":"BreadcrumbList","@id":"https:\/\/ttr.works\/pt-br\/materiais-de-limpeza-da-cabeca-de-impressao\/#breadcrumb","itemListElement":[{"@type":"ListItem","position":1,"name":"Home","item":"https:\/\/ttr.works\/pt-br\/inicio\/"},{"@type":"ListItem","position":2,"name":"Limpe seu cabe\u00e7ote de impress\u00e3o"}]},{"@type":"WebSite","@id":"https:\/\/ttr.works\/pt-br\/#website","url":"https:\/\/ttr.works\/pt-br\/","name":"TTR Euroworks","description":"Your ttr partner","potentialAction":[{"@type":"SearchAction","target":{"@type":"EntryPoint","urlTemplate":"https:\/\/ttr.works\/pt-br\/?s={search_term_string}"},"query-input":{"@type":"PropertyValueSpecification","valueRequired":true,"valueName":"search_term_string"}}],"inLanguage":"pt-BR"}]}},"_links":{"self":[{"href":"https:\/\/ttr.works\/pt-br\/wp-json\/wp\/v2\/pages\/6551","targetHints":{"allow":["GET"]}}],"collection":[{"href":"https:\/\/ttr.works\/pt-br\/wp-json\/wp\/v2\/pages"}],"about":[{"href":"https:\/\/ttr.works\/pt-br\/wp-json\/wp\/v2\/types\/page"}],"author":[{"embeddable":true,"href":"https:\/\/ttr.works\/pt-br\/wp-json\/wp\/v2\/users\/1"}],"replies":[{"embeddable":true,"href":"https:\/\/ttr.works\/pt-br\/wp-json\/wp\/v2\/comments?post=6551"}],"version-history":[{"count":12,"href":"https:\/\/ttr.works\/pt-br\/wp-json\/wp\/v2\/pages\/6551\/revisions"}],"predecessor-version":[{"id":24323,"href":"https:\/\/ttr.works\/pt-br\/wp-json\/wp\/v2\/pages\/6551\/revisions\/24323"}],"wp:attachment":[{"href":"https:\/\/ttr.works\/pt-br\/wp-json\/wp\/v2\/media?parent=6551"}],"wp:term":[{"taxonomy":"category","embeddable":true,"href":"https:\/\/ttr.works\/pt-br\/wp-json\/wp\/v2\/categories?post=6551"},{"taxonomy":"post_tag","embeddable":true,"href":"https:\/\/ttr.works\/pt-br\/wp-json\/wp\/v2\/tags?post=6551"}],"curies":[{"name":"wp","href":"https:\/\/api.w.org\/{rel}","templated":true}]}}